{"id":10,"date":"2019-03-04T13:57:58","date_gmt":"2019-03-04T13:57:58","guid":{"rendered":"http:\/\/sieniccy.pl\/?page_id=10"},"modified":"2019-05-07T12:26:15","modified_gmt":"2019-05-07T12:26:15","slug":"stefan-sienicki-ojciec","status":"publish","type":"page","link":"http:\/\/sieniccy.pl\/?page_id=10","title":{"rendered":"Stefan Sienicki (ojciec)"},"content":{"rendered":"\n<div class=\"wp-block-image\"><figure class=\"alignright is-resized\"><a href=\"http:\/\/sieniccy.pl\/wp-content\/uploads\/2019\/04\/Stefan-Sienicki-ojciec-i-St-Sien-syn-1926-rok-skan390.jpg\"><img loading=\"lazy\" decoding=\"async\" src=\"http:\/\/sieniccy.pl\/wp-content\/uploads\/2019\/04\/Stefan-Sienicki-ojciec-i-St-Sien-syn-1926-rok-skan390-688x1024.jpg\" alt=\"\" class=\"wp-image-195\" width=\"242\" height=\"359\" srcset=\"http:\/\/sieniccy.pl\/wp-content\/uploads\/2019\/04\/Stefan-Sienicki-ojciec-i-St-Sien-syn-1926-rok-skan390-688x1024.jpg 688w, http:\/\/sieniccy.pl\/wp-content\/uploads\/2019\/04\/Stefan-Sienicki-ojciec-i-St-Sien-syn-1926-rok-skan390-202x300.jpg 202w, http:\/\/sieniccy.pl\/wp-content\/uploads\/2019\/04\/Stefan-Sienicki-ojciec-i-St-Sien-syn-1926-rok-skan390-768x1143.jpg 768w, http:\/\/sieniccy.pl\/wp-content\/uploads\/2019\/04\/Stefan-Sienicki-ojciec-i-St-Sien-syn-1926-rok-skan390-480x715.jpg 480w, http:\/\/sieniccy.pl\/wp-content\/uploads\/2019\/04\/Stefan-Sienicki-ojciec-i-St-Sien-syn-1926-rok-skan390.jpg 806w\" sizes=\"auto, (max-width: 242px) 100vw, 242px\" \/><\/a><figcaption><strong><a href=\"https:\/\/www.ipsb.nina.gov.pl\/a\/biografia\/stefan-sienicki\">Stefan Sienicki<\/a><\/strong> (1897-1970) z synem Stefanem, 1926 rok<\/figcaption><\/figure><\/div>\n\n\n\n<p>Ur. 4 XII 1897 w Warszawie, zm. 28 XI 1970. <br \/>Architekt, projektant wn\u0119trz, profesor Politechniki Warszawskiej. By\u0142 synem Stefana, urz\u0119dnika kolejowego, i Antoniny z Maliszewskich.<br \/><\/p>\n\n\n\n<p><\/p>\n\n\n\n<p>Wi\u0119cej informacji o Stefanie Sienickim (ojcu) i jego dzia\u0142alno\u015bci zawodowej znajdziecie Pa\u0144stwo w szczeg\u00f3\u0142owym biogramie w internetowym \u201e<strong><a href=\"https:\/\/www.ipsb.nina.gov.pl\/a\/biografia\/stefan-sienicki\">Polskim S\u0142owniku Biograficznym<\/a><\/strong>\u201d <br \/>(J\u00f3zef Pi\u0142atowicz, <em>Sienicki Stefan<\/em>, <br \/>[w:] Polski s\u0142ownik biograficzny, t. XXXVII, <br \/>Warszawa-Krak\u00f3w 1996-1997 r.)<\/p>\n\n\n\n<p>\u2013 oraz na stronie <strong><a href=\"http:\/\/www.inmemoriam.architektsarp.pl\/pokaz\/stefan_sienicki,5986\">Izby Architekt\u00f3w<\/a><\/strong>.<\/p>\n\n\n\n<p> <br \/><br \/><\/p>\n\n\n\n<p><br \/><\/p>\n\n\n\n<blockquote class=\"wp-block-quote is-layout-flow wp-block-quote-is-layout-flow\"><p>W latach 20. i 30. by\u0142a w Polsce tradycja rzemie\u015blniczo-fabryczna. By\u0142y oczywi\u015bcie sp\u00f3\u0142dzielnie typu \u201e\u0141AD\u201d czy firmy w rodzaju filii \u201eThoneta\u201d, ale w Polsce, paradoksalnie, bardzo cz\u0119sto meble do swoich wn\u0119trz projektowali sami architekci, i to z tzw. wysokiej p\u00f3\u0142ki, m.in. Stefan Sienicki, Barbara Brukalska, Marek Leykam, Lucjan Korngold, Piotr Maria Lubi\u0144ski, Jan Bogus\u0142awski, Jerzy Sosnkowski (zreszt\u0105 za\u0142o\u017cyciel i redaktor naczelny znakomitego czasopisma \u201eWN\u0118TRZE\u201d).<\/p><cite>Dariusz B\u0142aszczyk<strong> <\/strong>\u201e<strong><a href=\"https:\/\/internityhome.pl\/ih4\/przerwana-lekcja-modernizmu-warszawa-zorawskiego-wywiad-dariuszem-blaszczykiem\/\">Przerwana lekcja modernizmu<\/a><\/strong>\u201d<br \/><\/cite><\/blockquote>\n\n\n\n<blockquote class=\"wp-block-quote is-layout-flow wp-block-quote-is-layout-flow\"><p><em>W 1936 roku, Stefan Sienicki wyda\u0142 swoj\u0105 najlepsz\u0105 wg mnie ksi\u0105\u017ck\u0119 pt. \u201eMeble kolbuszowskie\u201d. Z racji wykonywanego zawodu oraz faktu, i\u017c z urodzenia jestem lasowiakiem, ksi\u0105\u017cka ta na dobre zago\u015bci\u0142a w mojej li\u015bcie ulubionych i cenionych pozycji. Niesamowita ilo\u015b\u0107 informacji \u017ar\u00f3d\u0142owych, mnogo\u015b\u0107, jak na tamte czasy, fotografii i rysunk\u00f3w oraz ciekawy literacki j\u0119zyk sprawia, i\u017c czytanie \u201eMebli kolbuszowskich\u201d to czysta przyjemno\u015b\u0107. <\/em><\/p><cite>Karol Kope\u0107 \u201e<strong><a href=\"https:\/\/projektus.blogspot.com\/2012\/11\/stefan-sienicki-meble-kolbuszowskie.html\">Stefan Sienicki: Meble kolbuszowskie<\/a><\/strong>\u201d<\/cite><\/blockquote>\n\n\n\n<blockquote class=\"wp-block-quote is-layout-flow wp-block-quote-is-layout-flow\"><p>Stolik projektu Stefana Sienickiego, profesora Wydzia\u0142u Architektury Politechniki Warszawskiej, powsta\u0142 w zwi\u0105zku z mi\u0119dzynarodowym konkursem rozpisanym przez firm\u0119 Thonet Mundus w 1929 roku. Zaprojektowany by\u0142 w komplecie z fotelem i krzes\u0142em. Awangardowe wzory lat trzydziestych kojarzone s\u0105 g\u0142\u00f3wnie z bauhausowskimi meblami o konstrukcjach z gi\u0119tej rurki metalowej, natomiast projekt Sienickiego \u2013 r\u00f3wnie nowatorski \u2013 zosta\u0142 opracowany w technologii mebli gi\u0119tych z buczyny.<\/p><cite>\u201e<strong><a href=\"https:\/\/artsandculture.google.com\/exhibit\/lgKCLQxa8Y0_LQ\">Mi\u0119dzy obiektami<\/a><\/strong>: stolik z okr\u0105g\u0142ym blatem\u201d (nr. inw.: SZMb2858 MNW)<\/cite><\/blockquote>\n\n\n\n<blockquote class=\"wp-block-quote is-layout-flow wp-block-quote-is-layout-flow\"><p>Sejmowa Sala Posiedze\u0144 (\u2026). Architekt Stefan Sienicki zaprojektowa\u0142 d\u0119bowe fotele, sto\u0142y i balustrad\u0119\u2026<\/p><p><\/p><cite>\u201e<strong><a href=\"https:\/\/www.polskieszlaki.pl\/parlament-w-warszawie.htm\">Parlament w Warszawie<\/a><\/strong>\u201d<\/cite><\/blockquote>\n\n\n\n<blockquote class=\"wp-block-quote is-layout-flow wp-block-quote-is-layout-flow\"><p>W 1947 r. znany architekt Stefan Sienicki zaprojektowa\u0142 kolejn\u0105 lask\u0119. Po 1989 r. to jej u\u017cywa\u0142 marsza\u0142ek wskrzeszonego po latach Senatu RP. Jest drewniana i ma pi\u0119kne kryszta\u0142kowe zwie\u0144czenie w stylu art d\u00e9co.&nbsp;<\/p><cite>Jerzy S. Majewski \u201e<strong><a href=\"http:\/\/warszawa.wyborcza.pl\/warszawa\/1,54420,9503974,Spacerownik_po_Senacie__cz__IV__Hol_i_sala_obrad.html\">Spacerownik po Senacie, cz. IV: Hol i sala obrad<\/a><\/strong>\u201d<\/cite><\/blockquote>\n\n\n\n<p>Gr\u00f3b rodzinny Sienickich znajduje si\u0119 na <a href=\"https:\/\/mojecmentarze.blogspot.com\/2012\/11\/stefan-i-jacek-siennicki.html\"><strong>starych Pow\u0105zkach<\/strong><\/a>.<\/p>\n\n\n\n<ul class=\"wp-block-gallery columns-2 is-cropped wp-block-gallery-1 is-layout-flex wp-block-gallery-is-layout-flex\"><li class=\"blocks-gallery-item\"><figure><a href=\"http:\/\/sieniccy.pl\/wp-content\/uploads\/2019\/04\/Stefan-Sienicki-ojciec-ur-1897-foto-z-1899-01-700x1024.jpg\"><img loading=\"lazy\" decoding=\"async\" width=\"700\" height=\"1024\" src=\"http:\/\/sieniccy.pl\/wp-content\/uploads\/2019\/04\/Stefan-Sienicki-ojciec-ur-1897-foto-z-1899-01-700x1024.jpg\" alt=\"\" data-id=\"132\" data-link=\"http:\/\/sieniccy.pl\/?attachment_id=132\" class=\"wp-image-132\" srcset=\"http:\/\/sieniccy.pl\/wp-content\/uploads\/2019\/04\/Stefan-Sienicki-ojciec-ur-1897-foto-z-1899-01-700x1024.jpg 700w, http:\/\/sieniccy.pl\/wp-content\/uploads\/2019\/04\/Stefan-Sienicki-ojciec-ur-1897-foto-z-1899-01-205x300.jpg 205w, http:\/\/sieniccy.pl\/wp-content\/uploads\/2019\/04\/Stefan-Sienicki-ojciec-ur-1897-foto-z-1899-01-768x1124.jpg 768w, http:\/\/sieniccy.pl\/wp-content\/uploads\/2019\/04\/Stefan-Sienicki-ojciec-ur-1897-foto-z-1899-01-480x702.jpg 480w, http:\/\/sieniccy.pl\/wp-content\/uploads\/2019\/04\/Stefan-Sienicki-ojciec-ur-1897-foto-z-1899-01.jpg 820w\" sizes=\"auto, (max-width: 700px) 100vw, 700px\" \/><\/a><figcaption>Stefan Sienicki, rok 1899<\/figcaption><\/figure><\/li><li class=\"blocks-gallery-item\"><figure><a href=\"http:\/\/sieniccy.pl\/wp-content\/uploads\/2019\/04\/Stefan-Sienicki-ojciec-ur-1897-foto-z-1899-02-700x1024.jpg\"><img loading=\"lazy\" decoding=\"async\" width=\"700\" height=\"1024\" src=\"http:\/\/sieniccy.pl\/wp-content\/uploads\/2019\/04\/Stefan-Sienicki-ojciec-ur-1897-foto-z-1899-02-700x1024.jpg\" alt=\"\" data-id=\"133\" data-link=\"http:\/\/sieniccy.pl\/?attachment_id=133\" class=\"wp-image-133\" srcset=\"http:\/\/sieniccy.pl\/wp-content\/uploads\/2019\/04\/Stefan-Sienicki-ojciec-ur-1897-foto-z-1899-02-700x1024.jpg 700w, http:\/\/sieniccy.pl\/wp-content\/uploads\/2019\/04\/Stefan-Sienicki-ojciec-ur-1897-foto-z-1899-02-205x300.jpg 205w, http:\/\/sieniccy.pl\/wp-content\/uploads\/2019\/04\/Stefan-Sienicki-ojciec-ur-1897-foto-z-1899-02-768x1124.jpg 768w, http:\/\/sieniccy.pl\/wp-content\/uploads\/2019\/04\/Stefan-Sienicki-ojciec-ur-1897-foto-z-1899-02-480x702.jpg 480w, http:\/\/sieniccy.pl\/wp-content\/uploads\/2019\/04\/Stefan-Sienicki-ojciec-ur-1897-foto-z-1899-02.jpg 820w\" sizes=\"auto, (max-width: 700px) 100vw, 700px\" \/><\/a><figcaption>Stefan Sienicki, rok 1899 (rewers)<\/figcaption><\/figure><\/li><\/ul>\n","protected":false},"excerpt":{"rendered":"<p>Ur. 4 XII 1897 w Warszawie, zm. 28 XI 1970. Architekt, projektant wn\u0119trz, profesor Politechniki Warszawskiej. By\u0142 synem Stefana, urz\u0119dnika kolejowego, i Antoniny z Maliszewskich. Wi\u0119cej informacji o Stefanie Sienickim (ojcu) i jego dzia\u0142alno\u015bci zawodowej znajdziecie Pa\u0144stwo w szczeg\u00f3\u0142owym biogramie w internetowym \u201ePolskim S\u0142owniku Biograficznym\u201d (J\u00f3zef Pi\u0142atowicz, Sienicki Stefan, [w:] Polski s\u0142ownik biograficzny, t. XXXVII,<\/p>\n<div class=\"more-link\">\n\t\t\t\t <a href=\"http:\/\/sieniccy.pl\/?page_id=10\" class=\"link-btn theme-btn\"><span>Czytaj wi\u0119cej <\/span> <i class=\"fa fa-caret-right\"><\/i><\/a>\n\t\t\t<\/div>\n","protected":false},"author":1,"featured_media":0,"parent":0,"menu_order":0,"comment_status":"closed","ping_status":"closed","template":"","meta":{"footnotes":""},"class_list":["post-10","page","type-page","status-publish","hentry"],"_links":{"self":[{"href":"http:\/\/sieniccy.pl\/index.php?rest_route=\/wp\/v2\/pages\/10","targetHints":{"allow":["GET"]}}],"collection":[{"href":"http:\/\/sieniccy.pl\/index.php?rest_route=\/wp\/v2\/pages"}],"about":[{"href":"http:\/\/sieniccy.pl\/index.php?rest_route=\/wp\/v2\/types\/page"}],"author":[{"embeddable":true,"href":"http:\/\/sieniccy.pl\/index.php?rest_route=\/wp\/v2\/users\/1"}],"replies":[{"embeddable":true,"href":"http:\/\/sieniccy.pl\/index.php?rest_route=%2Fwp%2Fv2%2Fcomments&post=10"}],"version-history":[{"count":41,"href":"http:\/\/sieniccy.pl\/index.php?rest_route=\/wp\/v2\/pages\/10\/revisions"}],"predecessor-version":[{"id":314,"href":"http:\/\/sieniccy.pl\/index.php?rest_route=\/wp\/v2\/pages\/10\/revisions\/314"}],"wp:attachment":[{"href":"http:\/\/sieniccy.pl\/index.php?rest_route=%2Fwp%2Fv2%2Fmedia&parent=10"}],"curies":[{"name":"wp","href":"https:\/\/api.w.org\/{rel}","templated":true}]}}