{"id":18,"date":"2019-03-04T14:06:53","date_gmt":"2019-03-04T14:06:53","guid":{"rendered":"http:\/\/sieniccy.pl\/?page_id=18"},"modified":"2019-04-14T08:21:12","modified_gmt":"2019-04-14T08:21:12","slug":"jacek-sienicki-syn","status":"publish","type":"page","link":"http:\/\/sieniccy.pl\/?page_id=18","title":{"rendered":"Jacek Sienicki (syn)"},"content":{"rendered":"\n<div class=\"wp-block-image\"><figure class=\"alignright is-resized\"><a href=\"http:\/\/sieniccy.pl\/wp-content\/uploads\/2019\/04\/Jacek-Sienicki-Irak-ok-1964-foto-St-Sienicki-402.jpg\"><img loading=\"lazy\" decoding=\"async\" src=\"http:\/\/sieniccy.pl\/wp-content\/uploads\/2019\/04\/Jacek-Sienicki-Irak-ok-1964-foto-St-Sienicki-402-200x300.jpg\" alt=\"\" class=\"wp-image-205\" width=\"294\" height=\"441\" srcset=\"http:\/\/sieniccy.pl\/wp-content\/uploads\/2019\/04\/Jacek-Sienicki-Irak-ok-1964-foto-St-Sienicki-402-200x300.jpg 200w, http:\/\/sieniccy.pl\/wp-content\/uploads\/2019\/04\/Jacek-Sienicki-Irak-ok-1964-foto-St-Sienicki-402-768x1153.jpg 768w, http:\/\/sieniccy.pl\/wp-content\/uploads\/2019\/04\/Jacek-Sienicki-Irak-ok-1964-foto-St-Sienicki-402-682x1024.jpg 682w, http:\/\/sieniccy.pl\/wp-content\/uploads\/2019\/04\/Jacek-Sienicki-Irak-ok-1964-foto-St-Sienicki-402-480x721.jpg 480w, http:\/\/sieniccy.pl\/wp-content\/uploads\/2019\/04\/Jacek-Sienicki-Irak-ok-1964-foto-St-Sienicki-402.jpg 799w\" sizes=\"auto, (max-width: 294px) 100vw, 294px\" \/><\/a><figcaption><strong><a href=\"http:\/\/jaceksienicki.pl\">Jacek Sienicki <\/a><\/strong>w Iraku, 1964 rok; foto: Stefan Sienicki<\/figcaption><\/figure><\/div>\n\n\n\n<p>Ur. 29 II 1929 roku w Warszawie, zm. 14 XII 2000 r. te\u017c w Warszawie. M\u0142odszy brat <strong><a href=\"http:\/\/sieniccy.pl\/?page_id=13\">Stefana<\/a><\/strong>. Malarz, profesor warszawskiej <strong><a href=\"https:\/\/asp.waw.pl\/tag\/jacek-sienicki\/\">ASP<\/a><\/strong>.<br \/>Wi\u0119cej informacji <strong><a href=\"http:\/\/jaceksienicki.pl\">na oficjalnej stronie<\/a><\/strong>.<\/p>\n\n\n\n<ul class=\"wp-block-gallery columns-1 is-cropped wp-block-gallery-1 is-layout-flex wp-block-gallery-is-layout-flex\"><li class=\"blocks-gallery-item\"><figure><a href=\"http:\/\/sieniccy.pl\/wp-content\/uploads\/2019\/04\/Jacek-Sienicki-w-Grecji-1964-foto-St-Sienicki-406-1024x726.jpg\"><img loading=\"lazy\" decoding=\"async\" width=\"1024\" height=\"726\" src=\"http:\/\/sieniccy.pl\/wp-content\/uploads\/2019\/04\/Jacek-Sienicki-w-Grecji-1964-foto-St-Sienicki-406-1024x726.jpg\" alt=\"\" data-id=\"255\" data-link=\"http:\/\/sieniccy.pl\/?attachment_id=255\" class=\"wp-image-255\" srcset=\"http:\/\/sieniccy.pl\/wp-content\/uploads\/2019\/04\/Jacek-Sienicki-w-Grecji-1964-foto-St-Sienicki-406-1024x726.jpg 1024w, http:\/\/sieniccy.pl\/wp-content\/uploads\/2019\/04\/Jacek-Sienicki-w-Grecji-1964-foto-St-Sienicki-406-300x213.jpg 300w, http:\/\/sieniccy.pl\/wp-content\/uploads\/2019\/04\/Jacek-Sienicki-w-Grecji-1964-foto-St-Sienicki-406-768x545.jpg 768w, http:\/\/sieniccy.pl\/wp-content\/uploads\/2019\/04\/Jacek-Sienicki-w-Grecji-1964-foto-St-Sienicki-406-480x340.jpg 480w, http:\/\/sieniccy.pl\/wp-content\/uploads\/2019\/04\/Jacek-Sienicki-w-Grecji-1964-foto-St-Sienicki-406.jpg 1200w\" sizes=\"auto, (max-width: 1024px) 100vw, 1024px\" \/><\/a><figcaption><strong><a href=\"http:\/\/jaceksienicki.pl\/\">Jacek Sienicki <\/a><\/strong>w Grecji, 1964 rok; foto: Stefan Sienicki<\/figcaption><\/figure><\/li><\/ul>\n","protected":false},"excerpt":{"rendered":"<p>Ur. 29 II 1929 roku w Warszawie, zm. 14 XII 2000 r. te\u017c w Warszawie. M\u0142odszy brat Stefana. Malarz, profesor warszawskiej ASP.Wi\u0119cej informacji na oficjalnej stronie.<\/p>\n","protected":false},"author":1,"featured_media":0,"parent":0,"menu_order":0,"comment_status":"closed","ping_status":"closed","template":"","meta":{"footnotes":""},"class_list":["post-18","page","type-page","status-publish","hentry"],"_links":{"self":[{"href":"http:\/\/sieniccy.pl\/index.php?rest_route=\/wp\/v2\/pages\/18","targetHints":{"allow":["GET"]}}],"collection":[{"href":"http:\/\/sieniccy.pl\/index.php?rest_route=\/wp\/v2\/pages"}],"about":[{"href":"http:\/\/sieniccy.pl\/index.php?rest_route=\/wp\/v2\/types\/page"}],"author":[{"embeddable":true,"href":"http:\/\/sieniccy.pl\/index.php?rest_route=\/wp\/v2\/users\/1"}],"replies":[{"embeddable":true,"href":"http:\/\/sieniccy.pl\/index.php?rest_route=%2Fwp%2Fv2%2Fcomments&post=18"}],"version-history":[{"count":11,"href":"http:\/\/sieniccy.pl\/index.php?rest_route=\/wp\/v2\/pages\/18\/revisions"}],"predecessor-version":[{"id":257,"href":"http:\/\/sieniccy.pl\/index.php?rest_route=\/wp\/v2\/pages\/18\/revisions\/257"}],"wp:attachment":[{"href":"http:\/\/sieniccy.pl\/index.php?rest_route=%2Fwp%2Fv2%2Fmedia&parent=18"}],"curies":[{"name":"wp","href":"https:\/\/api.w.org\/{rel}","templated":true}]}}